{"id":2721,"date":"2023-09-13T22:31:00","date_gmt":"2023-09-14T03:31:00","guid":{"rendered":"https:\/\/asombrate.org\/?page_id=2721"},"modified":"2023-09-22T19:27:47","modified_gmt":"2023-09-23T00:27:47","slug":"comunicados-de-prensa","status":"publish","type":"page","link":"https:\/\/asombrate.org\/en\/comunicados-de-prensa\/","title":{"rendered":"Press release"},"content":{"rendered":"<div data-elementor-type=\"wp-page\" data-elementor-id=\"2721\" class=\"elementor elementor-2721\" data-elementor-post-type=\"page\">\n\t\t\t\t\t\t<section class=\"elementor-section elementor-top-section elementor-element elementor-element-8c6581b elementor-section-full_width elementor-section-height-default elementor-section-height-default\" data-id=\"8c6581b\" data-element_type=\"section\" data-e-type=\"section\">\n\t\t\t\t\t\t<div class=\"elementor-container elementor-column-gap-default\">\n\t\t\t\t\t<div class=\"elementor-column elementor-col-100 elementor-top-column elementor-element elementor-element-d71550a\" data-id=\"d71550a\" data-element_type=\"column\" data-e-type=\"column\">\n\t\t\t<div class=\"elementor-widget-wrap elementor-element-populated\">\n\t\t\t\t\t\t<div class=\"elementor-element elementor-element-0f82bca elementor-widget elementor-widget-gva_post_breadcrumb\" data-id=\"0f82bca\" data-element_type=\"widget\" data-e-type=\"widget\" data-widget_type=\"gva_post_breadcrumb.default\">\n\t\t\t\t<div class=\"elementor-widget-container\">\n\t\t\t\t\t<div class=\"gva-element-gva_post_breadcrumb gva-element\">   \r\n<div class=\"post-breadcrumb\">\r\n   <div class=\"custom-breadcrumb\" >\r\n            <div class=\"breadcrumb-main\">\r\n        <div class=\"container\">\r\n          <div class=\"breadcrumb-container-inner\">\r\n            <h2 class=\"heading-title\">Press release<\/h2><ol class=\"breadcrumb\"><li><a href=\"https:\/\/asombrate.org\/en\">Home<\/a> <\/li> <li class=\"active\">Page<\/li><\/ol>          <\/div>  \r\n        <\/div>   \r\n      <\/div>  \r\n   <\/div>\r\n<\/div>      \r\n\r\n<\/div>\t\t\t\t<\/div>\n\t\t\t\t<\/div>\n\t\t\t\t\t<\/div>\n\t\t<\/div>\n\t\t\t\t\t<\/div>\n\t\t<\/section>\n\t\t\t\t<section class=\"elementor-section elementor-top-section elementor-element elementor-element-67af41a elementor-section-boxed elementor-section-height-default elementor-section-height-default\" data-id=\"67af41a\" data-element_type=\"section\" data-e-type=\"section\" data-settings=\"{&quot;background_background&quot;:&quot;classic&quot;}\">\n\t\t\t\t\t\t<div class=\"elementor-container elementor-column-gap-default\">\n\t\t\t\t\t<div class=\"elementor-column elementor-col-50 elementor-top-column elementor-element elementor-element-33d8502\" data-id=\"33d8502\" data-element_type=\"column\" data-e-type=\"column\">\n\t\t\t<div class=\"elementor-widget-wrap elementor-element-populated\">\n\t\t\t\t\t\t<div class=\"elementor-element elementor-element-dc277d5 elementor-widget elementor-widget-gva-posts\" data-id=\"dc277d5\" data-element_type=\"widget\" data-e-type=\"widget\" data-widget_type=\"gva-posts.default\">\n\t\t\t\t<div class=\"elementor-widget-container\">\n\t\t\t\t\t<div class=\"gva-element-gva-posts gva-element\">  \r\n  <div class=\"gva-posts-list-small clearfix gva-posts\">\r\n      <div class=\"gva-content-items\"> \r\n         <div class=\"post post-block-small\">      \r\n   <div class=\"post-content\">\r\n      <div class=\"post-thumbnail\">\r\n         <a class=\"link-image-content\" href=\"https:\/\/asombrate.org\/en\/fondo-holandes-invertira-en-colombia-para-que-pequenos-productores-se-conecten-con-los-mercados-de-carbono\/\">\r\n            <img decoding=\"async\" width=\"175\" height=\"175\" src=\"https:\/\/asombrate.org\/wp-content\/uploads\/2023\/09\/NPL-175x175.jpg\" class=\"attachment-thumbnail size-thumbnail wp-post-image\" alt=\"\" srcset=\"https:\/\/asombrate.org\/wp-content\/uploads\/2023\/09\/NPL-175x175.jpg 175w, https:\/\/asombrate.org\/wp-content\/uploads\/2023\/09\/NPL-300x300.jpg 300w, https:\/\/asombrate.org\/wp-content\/uploads\/2023\/09\/NPL-180x180.jpg 180w\" sizes=\"(max-width: 175px) 100vw, 175px\" \/>         <\/a>\r\n      <\/div>\r\n      <div class=\"content-inner\">\r\n         <div class=\"entry-meta clearfix\">\r\n            <div class=\"clearfix meta-inline post-meta-1\"><span class=\"author vcard\"><i class=\"far fa-user-circle\"><\/i>Jonathan Mora<\/span><\/div>         <\/div> \r\n         <h3 class=\"entry-title\"><a href=\"https:\/\/asombrate.org\/en\/fondo-holandes-invertira-en-colombia-para-que-pequenos-productores-se-conecten-con-los-mercados-de-carbono\/\">Fondo holand\u00e9s invertir\u00e1 en Colombia para que peque\u00f1os productores se conecten con los mercados de carbono<\/a><\/h3> \r\n      <\/div>    \r\n   <\/div>   \r\n<\/div>\r\n\r\n  <div class=\"post post-block-small\">      \r\n   <div class=\"post-content\">\r\n      <div class=\"post-thumbnail\">\r\n         <a class=\"link-image-content\" href=\"https:\/\/asombrate.org\/en\/se-completa-la-primera-transaccion-de-acorn-la-plataforma-que-une-pequenos-productores-con-los-mercados-internacionales-de-carbono\/\">\r\n            <img decoding=\"async\" width=\"175\" height=\"175\" src=\"https:\/\/asombrate.org\/wp-content\/uploads\/2023\/09\/Captura-de-pantalla-2023-09-22-082057-175x175.png\" class=\"attachment-thumbnail size-thumbnail wp-post-image\" alt=\"\" srcset=\"https:\/\/asombrate.org\/wp-content\/uploads\/2023\/09\/Captura-de-pantalla-2023-09-22-082057-175x175.png 175w, https:\/\/asombrate.org\/wp-content\/uploads\/2023\/09\/Captura-de-pantalla-2023-09-22-082057-300x300.png 300w, https:\/\/asombrate.org\/wp-content\/uploads\/2023\/09\/Captura-de-pantalla-2023-09-22-082057-180x180.png 180w\" sizes=\"(max-width: 175px) 100vw, 175px\" \/>         <\/a>\r\n      <\/div>\r\n      <div class=\"content-inner\">\r\n         <div class=\"entry-meta clearfix\">\r\n            <div class=\"clearfix meta-inline post-meta-1\"><span class=\"author vcard\"><i class=\"far fa-user-circle\"><\/i>Jonathan Mora<\/span><\/div>         <\/div> \r\n         <h3 class=\"entry-title\"><a href=\"https:\/\/asombrate.org\/en\/se-completa-la-primera-transaccion-de-acorn-la-plataforma-que-une-pequenos-productores-con-los-mercados-internacionales-de-carbono\/\">Se completa la primera transacci\u00f3n de ACORN, la plataforma que une peque\u00f1os productores con los mercados internacionales de carbono<\/a><\/h3> \r\n      <\/div>    \r\n   <\/div>   \r\n<\/div>\r\n\r\n  <div class=\"post post-block-small\">      \r\n   <div class=\"post-content\">\r\n      <div class=\"post-thumbnail\">\r\n         <a class=\"link-image-content\" href=\"https:\/\/asombrate.org\/en\/homenaje-de-solidaridad-a-los-cacaocultores-ganadores-del-cacao-de-oro-por-la-red-cacaotera\/\">\r\n            <img decoding=\"async\" width=\"175\" height=\"175\" src=\"https:\/\/asombrate.org\/wp-content\/uploads\/2023\/10\/Captura-de-pantalla-2023-10-05-161318-175x175.png\" class=\"attachment-thumbnail size-thumbnail wp-post-image\" alt=\"\" srcset=\"https:\/\/asombrate.org\/wp-content\/uploads\/2023\/10\/Captura-de-pantalla-2023-10-05-161318-175x175.png 175w, https:\/\/asombrate.org\/wp-content\/uploads\/2023\/10\/Captura-de-pantalla-2023-10-05-161318-300x300.png 300w, https:\/\/asombrate.org\/wp-content\/uploads\/2023\/10\/Captura-de-pantalla-2023-10-05-161318-180x180.png 180w\" sizes=\"(max-width: 175px) 100vw, 175px\" \/>         <\/a>\r\n      <\/div>\r\n      <div class=\"content-inner\">\r\n         <div class=\"entry-meta clearfix\">\r\n            <div class=\"clearfix meta-inline post-meta-1\"><span class=\"author vcard\"><i class=\"far fa-user-circle\"><\/i>Jonathan Mora<\/span><\/div>         <\/div> \r\n         <h3 class=\"entry-title\"><a href=\"https:\/\/asombrate.org\/en\/homenaje-de-solidaridad-a-los-cacaocultores-ganadores-del-cacao-de-oro-por-la-red-cacaotera\/\">Homenaje de Solidaridad a los cacaocultores ganadores del Cacao de Oro por la Red Cacaotera<\/a><\/h3> \r\n      <\/div>    \r\n   <\/div>   \r\n<\/div>\r\n\r\n  <div class=\"post post-block-small\">      \r\n   <div class=\"post-content\">\r\n      <div class=\"post-thumbnail\">\r\n         <a class=\"link-image-content\" href=\"https:\/\/asombrate.org\/en\/pequenos-agricultores-delcauca-reciben-importante-incentivo-por-combatir-la-huella-de-carbono\/\">\r\n            <img loading=\"lazy\" decoding=\"async\" width=\"175\" height=\"175\" src=\"https:\/\/asombrate.org\/wp-content\/uploads\/2023\/10\/CoffeFarmersClimateHeroes-22-1-175x175.jpg\" class=\"attachment-thumbnail size-thumbnail wp-post-image\" alt=\"\" srcset=\"https:\/\/asombrate.org\/wp-content\/uploads\/2023\/10\/CoffeFarmersClimateHeroes-22-1-175x175.jpg 175w, https:\/\/asombrate.org\/wp-content\/uploads\/2023\/10\/CoffeFarmersClimateHeroes-22-1-300x300.jpg 300w, https:\/\/asombrate.org\/wp-content\/uploads\/2023\/10\/CoffeFarmersClimateHeroes-22-1-180x180.jpg 180w\" sizes=\"(max-width: 175px) 100vw, 175px\" \/>         <\/a>\r\n      <\/div>\r\n      <div class=\"content-inner\">\r\n         <div class=\"entry-meta clearfix\">\r\n            <div class=\"clearfix meta-inline post-meta-1\"><span class=\"author vcard\"><i class=\"far fa-user-circle\"><\/i>Jonathan Mora<\/span><\/div>         <\/div> \r\n         <h3 class=\"entry-title\"><a href=\"https:\/\/asombrate.org\/en\/pequenos-agricultores-delcauca-reciben-importante-incentivo-por-combatir-la-huella-de-carbono\/\">Peque\u00f1os Agricultores del Cauca Reciben Importante Incentivo por Combatir la Huella de Carbono<\/a><\/h3> \r\n      <\/div>    \r\n   <\/div>   \r\n<\/div>\r\n\r\n        <\/div>\r\n        <\/div>\r\n  <\/div>\t\t\t\t<\/div>\n\t\t\t\t<\/div>\n\t\t\t\t\t<\/div>\n\t\t<\/div>\n\t\t\t\t<div class=\"elementor-column elementor-col-50 elementor-top-column elementor-element elementor-element-28ed83e\" data-id=\"28ed83e\" data-element_type=\"column\" data-e-type=\"column\">\n\t\t\t<div class=\"elementor-widget-wrap elementor-element-populated\">\n\t\t\t\t\t\t<section class=\"elementor-section elementor-inner-section elementor-element elementor-element-274e2dc elementor-section-boxed elementor-section-height-default elementor-section-height-default\" data-id=\"274e2dc\" data-element_type=\"section\" data-e-type=\"section\" data-settings=\"{&quot;background_background&quot;:&quot;classic&quot;}\">\n\t\t\t\t\t\t<div class=\"elementor-container elementor-column-gap-default\">\n\t\t\t\t\t<div class=\"elementor-column elementor-col-100 elementor-inner-column elementor-element elementor-element-2ad4a04\" data-id=\"2ad4a04\" data-element_type=\"column\" data-e-type=\"column\">\n\t\t\t<div class=\"elementor-widget-wrap elementor-element-populated\">\n\t\t\t\t\t\t<div class=\"elementor-element elementor-element-6db33bf elementor-align-left elementor-invisible elementor-widget elementor-widget-button\" data-id=\"6db33bf\" data-element_type=\"widget\" data-e-type=\"widget\" data-settings=\"{&quot;_animation&quot;:&quot;fadeInUp&quot;}\" data-widget_type=\"button.default\">\n\t\t\t\t<div class=\"elementor-widget-container\">\n\t\t\t\t\t\t\t\t\t<div class=\"elementor-button-wrapper\">\n\t\t\t\t\t<a class=\"elementor-button elementor-button-link elementor-size-lg elementor-animation-shrink\" href=\"https:\/\/asombrate.org\/en\/noticias\/\">\n\t\t\t\t\t\t<span class=\"elementor-button-content-wrapper\">\n\t\t\t\t\t\t\t\t\t<span class=\"elementor-button-text\">Volver a noticias<\/span>\n\t\t\t\t\t<\/span>\n\t\t\t\t\t<\/a>\n\t\t\t\t<\/div>\n\t\t\t\t\t\t\t\t<\/div>\n\t\t\t\t<\/div>\n\t\t\t\t<div class=\"elementor-element elementor-element-a85e254 elementor-widget elementor-widget-gva-heading-block\" data-id=\"a85e254\" data-element_type=\"widget\" data-e-type=\"widget\" data-widget_type=\"gva-heading-block.default\">\n\t\t\t\t<div class=\"elementor-widget-container\">\n\t\t\t\t\t<div class=\"gva-element-gva-heading-block gva-element\">   <div class=\"align-left style-4 widget gsc-heading box-align-left auto-responsive\">\r\n      <div class=\"content-inner\">\r\n         \r\n         \r\n           \r\n         \r\n                     <h2 class=\"title\">\r\n               <span>\u00daLTIMOS COMUNICADOS<\/span>\r\n            <\/h2>\r\n                  \r\n         \r\n      <\/div>\r\n   <\/div>\r\n<\/div>\t\t\t\t<\/div>\n\t\t\t\t<\/div>\n\t\t\t\t<div class=\"elementor-element elementor-element-fd1cbcf elementor-widget elementor-widget-gva-posts\" data-id=\"fd1cbcf\" data-element_type=\"widget\" data-e-type=\"widget\" data-widget_type=\"gva-posts.default\">\n\t\t\t\t<div class=\"elementor-widget-container\">\n\t\t\t\t\t<div class=\"gva-element-gva-posts gva-element\">  \r\n  <div class=\"gva-posts-list-small clearfix gva-posts\">\r\n      <div class=\"gva-content-items\"> \r\n         <div class=\"post post-block-small\">      \r\n   <div class=\"post-content\">\r\n      <div class=\"post-thumbnail\">\r\n         <a class=\"link-image-content\" href=\"https:\/\/asombrate.org\/en\/chatbot-formacion-en-entornos-rurales-a-traves-de-whatsapp\/\">\r\n            <img loading=\"lazy\" decoding=\"async\" width=\"175\" height=\"175\" src=\"https:\/\/asombrate.org\/wp-content\/uploads\/2025\/01\/Chatbot-Asombrate-detalle-2-175x175.jpg\" class=\"attachment-thumbnail size-thumbnail wp-post-image\" alt=\"Chatbot detalle\" srcset=\"https:\/\/asombrate.org\/wp-content\/uploads\/2025\/01\/Chatbot-Asombrate-detalle-2-175x175.jpg 175w, https:\/\/asombrate.org\/wp-content\/uploads\/2025\/01\/Chatbot-Asombrate-detalle-2-12x12.jpg 12w, https:\/\/asombrate.org\/wp-content\/uploads\/2025\/01\/Chatbot-Asombrate-detalle-2-300x300.jpg 300w, https:\/\/asombrate.org\/wp-content\/uploads\/2025\/01\/Chatbot-Asombrate-detalle-2-180x180.jpg 180w\" sizes=\"(max-width: 175px) 100vw, 175px\" \/>         <\/a>\r\n      <\/div>\r\n      <div class=\"content-inner\">\r\n         <div class=\"entry-meta clearfix\">\r\n            <div class=\"clearfix meta-inline post-meta-1\"><span class=\"author vcard\"><i class=\"far fa-user-circle\"><\/i>Jose Loaiza<\/span><span class=\"post-comment\"><i class=\"far fa-comments\"><\/i>0 Comentarios<\/span><\/div>         <\/div> \r\n         <h3 class=\"entry-title\"><a href=\"https:\/\/asombrate.org\/en\/chatbot-formacion-en-entornos-rurales-a-traves-de-whatsapp\/\">Chatbot: Formaci\u00f3n en entornos rurales a trav\u00e9s de WhatsApp<\/a><\/h3> \r\n      <\/div>    \r\n   <\/div>   \r\n<\/div>\r\n\r\n  <div class=\"post post-block-small\">      \r\n   <div class=\"post-content\">\r\n      <div class=\"post-thumbnail\">\r\n         <a class=\"link-image-content\" href=\"https:\/\/asombrate.org\/en\/productores-reinvierten-pagos-de-asombrate-para-mayores-ingresos\/\">\r\n            <img loading=\"lazy\" decoding=\"async\" width=\"175\" height=\"175\" src=\"https:\/\/asombrate.org\/wp-content\/uploads\/2024\/07\/Pagos-de-Asombrate1000-1-175x175.jpg\" class=\"attachment-thumbnail size-thumbnail wp-post-image\" alt=\"\" srcset=\"https:\/\/asombrate.org\/wp-content\/uploads\/2024\/07\/Pagos-de-Asombrate1000-1-175x175.jpg 175w, https:\/\/asombrate.org\/wp-content\/uploads\/2024\/07\/Pagos-de-Asombrate1000-1-300x300.jpg 300w, https:\/\/asombrate.org\/wp-content\/uploads\/2024\/07\/Pagos-de-Asombrate1000-1-180x180.jpg 180w\" sizes=\"(max-width: 175px) 100vw, 175px\" \/>         <\/a>\r\n      <\/div>\r\n      <div class=\"content-inner\">\r\n         <div class=\"entry-meta clearfix\">\r\n            <div class=\"clearfix meta-inline post-meta-1\"><span class=\"author vcard\"><i class=\"far fa-user-circle\"><\/i>Jose Loaiza<\/span><\/div>         <\/div> \r\n         <h3 class=\"entry-title\"><a href=\"https:\/\/asombrate.org\/en\/productores-reinvierten-pagos-de-asombrate-para-mayores-ingresos\/\">Producers reinvest payments from As\u00f3mbrate to harvest higher income<\/a><\/h3> \r\n      <\/div>    \r\n   <\/div>   \r\n<\/div>\r\n\r\n  <div class=\"post post-block-small\">      \r\n   <div class=\"post-content\">\r\n      <div class=\"post-thumbnail\">\r\n         <a class=\"link-image-content\" href=\"https:\/\/asombrate.org\/en\/dia-mundial-de-las-abejas-fiesta-con-sabor-a-miel\/\">\r\n            <img loading=\"lazy\" decoding=\"async\" width=\"175\" height=\"175\" src=\"https:\/\/asombrate.org\/wp-content\/uploads\/2024\/05\/Dia-Mundial-de-las-Abejas-Quinchia-1000-1-175x175.jpg\" class=\"attachment-thumbnail size-thumbnail wp-post-image\" alt=\"\" srcset=\"https:\/\/asombrate.org\/wp-content\/uploads\/2024\/05\/Dia-Mundial-de-las-Abejas-Quinchia-1000-1-175x175.jpg 175w, https:\/\/asombrate.org\/wp-content\/uploads\/2024\/05\/Dia-Mundial-de-las-Abejas-Quinchia-1000-1-300x300.jpg 300w, https:\/\/asombrate.org\/wp-content\/uploads\/2024\/05\/Dia-Mundial-de-las-Abejas-Quinchia-1000-1-180x180.jpg 180w\" sizes=\"(max-width: 175px) 100vw, 175px\" \/>         <\/a>\r\n      <\/div>\r\n      <div class=\"content-inner\">\r\n         <div class=\"entry-meta clearfix\">\r\n            <div class=\"clearfix meta-inline post-meta-1\"><span class=\"author vcard\"><i class=\"far fa-user-circle\"><\/i>Jose Loaiza<\/span><\/div>         <\/div> \r\n         <h3 class=\"entry-title\"><a href=\"https:\/\/asombrate.org\/en\/dia-mundial-de-las-abejas-fiesta-con-sabor-a-miel\/\">World Bee Day, a celebration with a taste of honey<\/a><\/h3> \r\n      <\/div>    \r\n   <\/div>   \r\n<\/div>\r\n\r\n        <\/div>\r\n        <\/div>\r\n  <\/div>\t\t\t\t<\/div>\n\t\t\t\t<\/div>\n\t\t\t\t\t<\/div>\n\t\t<\/div>\n\t\t\t\t\t<\/div>\n\t\t<\/section>\n\t\t\t\t<div class=\"elementor-element elementor-element-2af9d39 elementor-widget elementor-widget-gva-heading-block\" data-id=\"2af9d39\" data-element_type=\"widget\" data-e-type=\"widget\" data-widget_type=\"gva-heading-block.default\">\n\t\t\t\t<div class=\"elementor-widget-container\">\n\t\t\t\t\t<div class=\"gva-element-gva-heading-block gva-element\">   <div class=\"align-left style-1 widget gsc-heading box-align-left auto-responsive\">\r\n      <div class=\"content-inner\">\r\n         \r\n         \r\n           \r\n         \r\n                     <h2 class=\"title\">\r\n               <span>Learn more about As\u00f3mbrate<\/span>\r\n            <\/h2>\r\n                              <div class=\"title-desc\">Click on our direct channel<\/div>\r\n         \r\n                     <div class=\"heading-action\">\r\n               \t\t  <a href=\"\/en\/wa.link\/10w3mz\/\" class=\"btn-cta btn-theme\">\r\n\t\t\t <span>Go to whatsapp<\/span>\r\n\t\t  <\/a>\r\n\r\n\t\t              <\/div>\r\n         \r\n      <\/div>\r\n   <\/div>\r\n<\/div>\t\t\t\t<\/div>\n\t\t\t\t<\/div>\n\t\t\t\t\t<\/div>\n\t\t<\/div>\n\t\t\t\t\t<\/div>\n\t\t<\/section>\n\t\t\t\t<section class=\"elementor-section elementor-top-section elementor-element elementor-element-5664465 elementor-section-full_width elementor-section-height-min-height elementor-section-content-middle elementor-section-stretched elementor-hidden-mobile elementor-section-height-default elementor-section-items-middle\" data-id=\"5664465\" data-element_type=\"section\" data-e-type=\"section\" data-settings=\"{&quot;background_background&quot;:&quot;video&quot;,&quot;stretch_section&quot;:&quot;section-stretched&quot;,&quot;background_video_link&quot;:&quot;https:\\\/\\\/www.youtube.com\\\/watch?v=s3xxAqtThcA&quot;,&quot;background_video_start&quot;:10,&quot;background_play_on_mobile&quot;:&quot;yes&quot;}\">\n\t\t\t\t\t\t\t\t<div class=\"elementor-background-video-container\">\n\t\t\t\t\t\t\t\t\t\t\t\t\t<div class=\"elementor-background-video-embed\" role=\"presentation\"><\/div>\n\t\t\t\t\t\t\t\t\t\t\t\t<\/div>\n\t\t\t\t\t\t\t\t<div class=\"elementor-container elementor-column-gap-default\">\n\t\t\t\t\t<div class=\"elementor-column elementor-col-100 elementor-top-column elementor-element elementor-element-e25cc21\" data-id=\"e25cc21\" data-element_type=\"column\" data-e-type=\"column\">\n\t\t\t<div class=\"elementor-widget-wrap\">\n\t\t\t\t\t\t\t<\/div>\n\t\t<\/div>\n\t\t\t\t\t<\/div>\n\t\t<\/section>\n\t\t\t\t<section class=\"elementor-section elementor-top-section elementor-element elementor-element-7f13ed6 elementor-section-boxed elementor-section-height-default elementor-section-height-default\" data-id=\"7f13ed6\" data-element_type=\"section\" data-e-type=\"section\" data-settings=\"{&quot;background_background&quot;:&quot;classic&quot;}\">\n\t\t\t\t\t\t<div class=\"elementor-container elementor-column-gap-default\">\n\t\t\t\t\t<div class=\"elementor-column elementor-col-50 elementor-top-column elementor-element elementor-element-9c7d6c0\" data-id=\"9c7d6c0\" data-element_type=\"column\" data-e-type=\"column\">\n\t\t\t<div class=\"elementor-widget-wrap elementor-element-populated\">\n\t\t\t\t\t\t<div class=\"elementor-element elementor-element-3e73f9b elementor-widget elementor-widget-gva-heading-block\" data-id=\"3e73f9b\" data-element_type=\"widget\" data-e-type=\"widget\" data-widget_type=\"gva-heading-block.default\">\n\t\t\t\t<div class=\"elementor-widget-container\">\n\t\t\t\t\t<div class=\"gva-element-gva-heading-block gva-element\">   <div class=\"align-left style-1 widget gsc-heading box-align-left auto-responsive\">\r\n      <div class=\"content-inner\">\r\n         \r\n         \r\n                     <div class=\"sub-title\">\r\n               <span class=\"tagline\">\u00bfTienes preguntas sobre el programa?<\/span>\r\n                  \r\n            <\/div>\r\n           \r\n         \r\n                     <h2 class=\"title\">\r\n               <span>Con\u00e9ctate con nuestro chatbot<\/span>\r\n            <\/h2>\r\n                  \r\n         \r\n      <\/div>\r\n   <\/div>\r\n<\/div>\t\t\t\t<\/div>\n\t\t\t\t<\/div>\n\t\t\t\t\t<\/div>\n\t\t<\/div>\n\t\t\t\t<div class=\"elementor-column elementor-col-50 elementor-top-column elementor-element elementor-element-cb10dc8\" data-id=\"cb10dc8\" data-element_type=\"column\" data-e-type=\"column\">\n\t\t\t<div class=\"elementor-widget-wrap elementor-element-populated\">\n\t\t\t\t\t\t<div class=\"elementor-element elementor-element-a5154e8 elementor-widget__width-auto elementor-widget elementor-widget-html\" data-id=\"a5154e8\" data-element_type=\"widget\" data-e-type=\"widget\" data-widget_type=\"html.default\">\n\t\t\t\t<div class=\"elementor-widget-container\">\n\t\t\t\t\t<a class=\"btn-border-white\" href=\"\/en\/wa.link\/10w3mz\/\">\n    Whatsapp\n<\/a>\t\t\t\t<\/div>\n\t\t\t\t<\/div>\n\t\t\t\t\t<\/div>\n\t\t<\/div>\n\t\t\t\t\t<\/div>\n\t\t<\/section>\n\t\t\t\t<\/div>","protected":false},"excerpt":{"rendered":"<p>NOTICIAS I Solidaridad capacitar\u00e1 en materia ecol\u00f3gica a cafeteros peque\u00f1os en el sur del pa\u00eds Home Jonathan Mora Fondo holand\u00e9s invertir\u00e1 en Colombia para que peque\u00f1os productores se conecten con [&hellip;]<\/p>\n","protected":false},"author":1,"featured_media":0,"parent":0,"menu_order":0,"comment_status":"closed","ping_status":"closed","template":"","meta":{"om_disable_all_campaigns":false,"_monsterinsights_skip_tracking":false,"_monsterinsights_sitenote_active":false,"_monsterinsights_sitenote_note":"","_monsterinsights_sitenote_category":0,"_uf_show_specific_survey":0,"_uf_disable_surveys":false,"_joinchat":[],"footnotes":""},"class_list":["post-2721","page","type-page","status-publish","hentry"],"aioseo_notices":[],"wpcf_dashboard":"<div class=\"woocommerce\"><div class=\"woocommerce-info\">Please log in first? <a class=\"wpneoShowLogin\" href=\"#\">Click here to login<\/a><\/div><div class=\"wpneo_login_form_div\" style=\"display: none;\"><form name=\"loginform\" id=\"loginform\" action=\"https:\/\/asombrate.org\/wp-login.php\" method=\"post\"><p class=\"login-username\">\n\t\t\t\t<label for=\"user_login\">Username or Email Address<\/label>\n\t\t\t\t<input type=\"text\" name=\"log\" id=\"user_login\" autocomplete=\"username\" class=\"input\" value=\"\" size=\"20\" \/>\n\t\t\t<\/p><p class=\"login-password\">\n\t\t\t\t<label for=\"user_pass\">Password<\/label>\n\t\t\t\t<input type=\"password\" name=\"pwd\" id=\"user_pass\" autocomplete=\"current-password\" spellcheck=\"false\" class=\"input\" value=\"\" size=\"20\" \/>\n\t\t\t<\/p><p class=\"login-remember\"><label><input name=\"rememberme\" type=\"checkbox\" id=\"rememberme\" value=\"forever\" \/> Remember Me<\/label><\/p><p class=\"login-submit\">\n\t\t\t\t<input type=\"submit\" name=\"wp-submit\" id=\"wp-submit\" class=\"button button-primary\" value=\"Log In\" \/>\n\t\t\t\t<input type=\"hidden\" name=\"redirect_to\" value=\"https:\/\/asombrate.org\/en\/wp-json\/wp\/v2\/pages\/2721\" \/>\n\t\t\t<\/p><\/form><\/div><\/div>","_hostinger_reach_plugin_has_subscription_block":false,"_hostinger_reach_plugin_is_elementor":false,"_links":{"self":[{"href":"https:\/\/asombrate.org\/en\/wp-json\/wp\/v2\/pages\/2721","targetHints":{"allow":["GET"]}}],"collection":[{"href":"https:\/\/asombrate.org\/en\/wp-json\/wp\/v2\/pages"}],"about":[{"href":"https:\/\/asombrate.org\/en\/wp-json\/wp\/v2\/types\/page"}],"author":[{"embeddable":true,"href":"https:\/\/asombrate.org\/en\/wp-json\/wp\/v2\/users\/1"}],"replies":[{"embeddable":true,"href":"https:\/\/asombrate.org\/en\/wp-json\/wp\/v2\/comments?post=2721"}],"version-history":[{"count":49,"href":"https:\/\/asombrate.org\/en\/wp-json\/wp\/v2\/pages\/2721\/revisions"}],"predecessor-version":[{"id":2964,"href":"https:\/\/asombrate.org\/en\/wp-json\/wp\/v2\/pages\/2721\/revisions\/2964"}],"wp:attachment":[{"href":"https:\/\/asombrate.org\/en\/wp-json\/wp\/v2\/media?parent=2721"}],"curies":[{"name":"wp","href":"https:\/\/api.w.org\/{rel}","templated":true}]}}